{"id":11,"date":"2013-03-07T15:42:13","date_gmt":"2013-03-07T14:42:13","guid":{"rendered":"http:\/\/www.pcgyogyitas.hu\/?page_id=11"},"modified":"2021-03-06T20:00:39","modified_gmt":"2021-03-06T19:00:39","slug":"kapcsolat","status":"publish","type":"page","link":"https:\/\/pcgyogyitas.hu\/?page_id=11","title":{"rendered":"Kapcsolat"},"content":{"rendered":"<h3 style=\"text-align: left;\"><strong>Notebook, laptop alaplapok jav\u00edt\u00e1sa &#8211; szervizel\u00e9se \u00e1ramk\u00f6ri szinten is garanci\u00e1val, r\u00f6vid hat\u00e1rid\u0151vel!<\/strong><\/h3>\n<ul>Szerviz c\u00edm\u00fcnk:\n<li style=\"text-align: left;\"><strong>1152 Budapest, R\u00e1kos \u00fat 76-78.<\/strong><\/li>\nTelefon:\n<li style=\"text-align: left;\"><strong>+36 1 630 9012<\/strong><\/li>\ne-mail c\u00edm\u00fcnk:\n<li style=\"text-align: left;\"><strong>info[kukac]pcgyogyitas.hu<\/strong><\/li>\nNyitva tart\u00e1sunk:<\/ul>\n<ul style=\"text-align: left;\">H\u00e9tf\u0151t\u0151l &#8211; P\u00e9ntekig: 08 -17<\/ul>\n<ul style=\"text-align: left;\">Szombat: z\u00e1rva<\/ul>\n<ul>\n<li style=\"text-align: left;\">\u00cdrjon Nek\u00fcnk:<\/li>\n<\/ul>\n<p style=\"text-align: left;\"><a href=\"mailto:info@pcgyogyitas.hu\">-Email-<\/a><\/p>\n<p style=\"text-align: center;\">\n\n<!-- Fast Secure Contact Form plugin 4.0.52 - begin - FastSecureContactForm.com -->\n<div style=\"clear:both;\"><\/div>\n<p>\u00c1raj\u00e1nlat k\u00e9r\u00e9s\u00e9hez t\u00f6ltse ki a k\u00f6vetkez\u0151 mez\u0151ket!.<\/p>\n<div id=\"FSContact1\" style=\"width:375px;\">\n<form action=\"https:\/\/pcgyogyitas.hu\/index.php?rest_route=%2Fwp%2Fv2%2Fpages%2F11#FSContact1\" id=\"fscf_form1\" method=\"post\">\n<fieldset id=\"fscf_form_fieldset1\" style=\"border:1px solid black; padding:10px;\">\n<legend>Kapcsolatfelv\u00e9tel:<\/legend>\n\n<div id=\"fscf_required1\">\n  <span style=\"text-align:center;\">*K\u00f6telez\u0151en kit\u00f6ltend\u0151<\/span> <span style=\"text-align:left;\">indicates required field<\/span>\n<\/div>\n\n\n<div id=\"fscf_div_clear1_0\" style=\"clear:both;\">\n  <div id=\"fscf_div_field1_0\" style=\"clear:left; float:left; width:99%; max-width:550px; margin-right:10px;\">\n    <div style=\"text-align:center; padding-top:5px;\">\n      <label style=\"text-align:left;\" for=\"fscf_name1\">N\u00e9v<span style=\"text-align:center;\">*K\u00f6telez\u0151en kit\u00f6ltend\u0151<\/span><\/label>\n    <\/div>\n    <div style=\"text-align:center;\">\n      <input style=\"text-align:center; margin:0;\" type=\"text\" id=\"fscf_name1\" name=\"full_name\" value=\"\"  \/>\n    <\/div>\n  <\/div>\n<\/div>\n\n<div id=\"fscf_div_clear1_1\" style=\"clear:both;\">\n  <div id=\"fscf_div_field1_1\" style=\"clear:left; float:left; width:99%; max-width:550px; margin-right:10px;\">\n    <div style=\"text-align:center; padding-top:5px;\">\n      <label style=\"text-align:left;\" for=\"fscf_email1\">E-mail c\u00edm<span style=\"text-align:center;\">*K\u00f6telez\u0151en kit\u00f6ltend\u0151<\/span><\/label>\n    <\/div>\n    <div style=\"text-align:center;\">\n      <input style=\"text-align:center; margin:0;\" type=\"text\" id=\"fscf_email1\" name=\"email\" value=\"\"  \/>\n    <\/div>\n  <\/div>\n<\/div>\n\n<div id=\"fscf_div_clear1_2\" style=\"clear:both;\">\n  <div id=\"fscf_div_field1_2\" style=\"clear:left; float:left; width:99%; max-width:550px; margin-right:10px;\">\n    <div style=\"text-align:center; padding-top:5px;\">\n      <label style=\"text-align:left;\" for=\"fscf_field1_2\">T\u00e1rgy<span style=\"text-align:center;\">*K\u00f6telez\u0151en kit\u00f6ltend\u0151<\/span><\/label>\n    <\/div>\n    <div style=\"text-align:center;\">\n      <input style=\"text-align:center; margin:0;\" type=\"text\" id=\"fscf_field1_2\" name=\"subject\" value=\"\"  \/>\n    <\/div>\n  <\/div>\n<\/div>\n\n<div id=\"fscf_div_clear1_3\" style=\"clear:both;\">\n  <div id=\"fscf_div_field1_3\" style=\"clear:left; float:left; width:99%; max-width:550px; margin-right:10px;\">\n    <div style=\"text-align:center; padding-top:5px;\">\n      <label style=\"text-align:left;\" for=\"fscf_field1_3\">Hib\u00e1k le\u00edr\u00e1sa<span style=\"text-align:center;\">*K\u00f6telez\u0151en kit\u00f6ltend\u0151<\/span><\/label>\n    <\/div>\n    <div style=\"text-align:center;\">\n      <textarea style=\"text-align:left; margin:0; width:99%; max-width:250px; height:120px;\" id=\"fscf_field1_3\" name=\"message\" cols=\"30\" rows=\"10\" ><\/textarea>\n    <\/div>\n  <\/div>\n<\/div>\n<div style=\"clear:both;\"><\/div>\n\n<div style=\"text-align:center; padding-top:5px;\">\n<\/div>\n<div id=\"fscf_captcha_image_div1\" style=\"width:250px; height:65px; padding-top:2px;\">\n      <img loading=\"lazy\" decoding=\"async\" id=\"fscf_captcha_image1\" style=\"border-style:none; margin:0; padding:0px; padding-right:5px; float:left;\" src=\"https:\/\/pcgyogyitas.hu\/wp-content\/plugins\/si-contact-form\/captcha\/securimage_show.php?prefix=rsKe78tWhPQ7EtdO\" width=\"175\" height=\"60\" alt=\"CAPTCHA\" title=\"CAPTCHA\" \/>\n      <input id=\"fscf_captcha_prefix1\" type=\"hidden\" name=\"fscf_captcha_prefix1\" value=\"rsKe78tWhPQ7EtdO\" \/>\n     <div id=\"fscf_captcha_refresh1\">\n        <a href=\"#\" rel=\"nofollow\" title=\"Refresh\" onclick=\"fscf_captcha_refresh('1','\/wp-content\/plugins\/si-contact-form\/captcha','https:\/\/pcgyogyitas.hu\/wp-content\/plugins\/si-contact-form\/captcha\/securimage_show.php?prefix='); return false;\">\n        <img loading=\"lazy\" decoding=\"async\" src=\"https:\/\/pcgyogyitas.hu\/wp-content\/plugins\/si-contact-form\/captcha\/images\/refresh.png\" width=\"22\" height=\"20\" alt=\"Refresh\" style=\"border-style:none; margin:0; padding:0px; vertical-align:bottom;\" onclick=\"this.blur();\" \/><\/a>\n     <\/div>\n<\/div>\n\n<div id=\"fscf_captcha_field1\" style=\"text-align:center; padding-top:5px;\">\n     <label style=\"text-align:left;\" for=\"fscf_captcha_code1\">Ellen\u00f6rz\u0151 k\u00f3d<span style=\"text-align:center;\">*K\u00f6telez\u0151en kit\u00f6ltend\u0151<\/span><\/label>\n<\/div>\n<div style=\"text-align:center;\">\n     <input style=\"text-align:center; margin:0; width:50px;\" type=\"text\" value=\"\" autocomplete=\"off\" id=\"fscf_captcha_code1\" name=\"captcha_code\"  \/>\n<\/div>\n\n<div id=\"fscf_submit_div1\" style=\"text-align:center; padding-top:2px;\">\n\t\t<input type=\"submit\" id=\"fscf_submit1\" style=\"cursor:pointer; margin:0;\" value=\"Elk\u00fcld\"  onclick=\"this.disabled=true; this.value='Submitting...'; this.form.submit();\" \/> \n<\/div>\n<\/fieldset>\n\n<input type=\"hidden\" name=\"fscf_submitted\" value=\"0\" \/>\n<input type=\"hidden\" name=\"fs_postonce_1\" value=\"6c7cf4c3e38d8853ff0988ed5b20697f,1775773475\" \/>\n<input type=\"hidden\" name=\"si_contact_action\" value=\"send\" \/>\n<input type=\"hidden\" name=\"form_id\" value=\"1\" \/>\n<input type=\"hidden\" name=\"mailto_id\" value=\"1\" \/>\n\n<\/form>\n<\/div>\n<div style=\"clear:both;\"><\/div>\n\n<!-- Fast Secure Contact Form plugin 4.0.52 - end - FastSecureContactForm.com -->\n<br><small><\/small><\/p>\n<p style=\"text-align: left;\"><a href=\"http:\/\/www.pcgyogyitas.hu\/GDPR.pdf\">Adatkezel\u00e9si t\u00e1j\u00e9koztat\u00f3.<\/a><\/p>\n\n\n<p><\/p>\n","protected":false},"excerpt":{"rendered":"<p>Notebook, laptop alaplapok jav\u00edt\u00e1sa &#8211; szervizel\u00e9se \u00e1ramk\u00f6ri szinten is garanci\u00e1val, r\u00f6vid hat\u00e1rid\u0151vel! Szerviz c\u00edm\u00fcnk: 1152 Budapest, R\u00e1kos \u00fat 76-78. Telefon: +36 1 630 9012 e-mail c\u00edm\u00fcnk: info[kukac]pcgyogyitas.hu Nyitva tart\u00e1sunk: H\u00e9tf\u0151t\u0151l &#8211; P\u00e9ntekig: 08 -17 Szombat: z\u00e1rva \u00cdrjon Nek\u00fcnk: -Email- Adatkezel\u00e9si t\u00e1j\u00e9koztat\u00f3.<\/p>\n","protected":false},"author":1,"featured_media":0,"parent":0,"menu_order":0,"comment_status":"open","ping_status":"open","template":"","meta":{"_monsterinsights_skip_tracking":false,"_monsterinsights_sitenote_active":false,"_monsterinsights_sitenote_note":"","_monsterinsights_sitenote_category":0,"ngg_post_thumbnail":0,"footnotes":""},"class_list":["post-11","page","type-page","status-publish","hentry"],"_links":{"self":[{"href":"https:\/\/pcgyogyitas.hu\/index.php?rest_route=\/wp\/v2\/pages\/11","targetHints":{"allow":["GET"]}}],"collection":[{"href":"https:\/\/pcgyogyitas.hu\/index.php?rest_route=\/wp\/v2\/pages"}],"about":[{"href":"https:\/\/pcgyogyitas.hu\/index.php?rest_route=\/wp\/v2\/types\/page"}],"author":[{"embeddable":true,"href":"https:\/\/pcgyogyitas.hu\/index.php?rest_route=\/wp\/v2\/users\/1"}],"replies":[{"embeddable":true,"href":"https:\/\/pcgyogyitas.hu\/index.php?rest_route=%2Fwp%2Fv2%2Fcomments&post=11"}],"version-history":[{"count":64,"href":"https:\/\/pcgyogyitas.hu\/index.php?rest_route=\/wp\/v2\/pages\/11\/revisions"}],"predecessor-version":[{"id":823,"href":"https:\/\/pcgyogyitas.hu\/index.php?rest_route=\/wp\/v2\/pages\/11\/revisions\/823"}],"wp:attachment":[{"href":"https:\/\/pcgyogyitas.hu\/index.php?rest_route=%2Fwp%2Fv2%2Fmedia&parent=11"}],"curies":[{"name":"wp","href":"https:\/\/api.w.org\/{rel}","templated":true}]}}