{"id":12,"date":"2013-03-07T15:42:27","date_gmt":"2013-03-07T14:42:27","guid":{"rendered":"http:\/\/www.pcgyogyitas.hu\/?page_id=12"},"modified":"2016-01-27T07:49:24","modified_gmt":"2016-01-27T06:49:24","slug":"allasajanlat","status":"publish","type":"page","link":"https:\/\/pcgyogyitas.hu\/?page_id=12","title":{"rendered":"\u00c1ll\u00e1saj\u00e1nlat"},"content":{"rendered":"<p style=\"text-align: justify;\">Megn\u00f6vekedett munk\u00e1nk megk\u00f6veteli \u00faj munkat\u00e1rs felv\u00e9tel\u00e9t, ez\u00e9rt az al\u00e1bbi tud\u00e1ssal rendelkez\u0151 koll\u00e9g\u00e1nk keress\u00fck:<\/p>\n<p style=\"text-align: justify;\">Notebook alaplapi diagnosztik\u00e1ban t\u00f6bb \u00e9ves tapasztalata van. Ez mag\u00e1ba foglalja, hogy az elektronikai \u00e1ramk\u00f6r\u00f6k hibakeres\u00e9s\u00e9ben-jav\u00edt\u00e1s\u00e1ban j\u00e1rtas, nem baj, ha van szakir\u00e1ny\u00fa v\u00e9gzetts\u00e9ge (de ha nincs, tapasztalattal \u00e9s tud\u00e1ssal p\u00f3tolhat\u00f3).<\/p>\n<p style=\"text-align: justify;\">Tudja haszn\u00e1lni a m\u0171szereket, nem n\u00e9zi \u00e9rtetlen\u00fcl a multim\u00e9tert, oszcilloszk\u00f3pot.<\/p>\n<p style=\"text-align: justify;\"><strong>SMD forraszt\u00e1si gyakorlattal b\u00ed<\/strong>r, munk\u00e1j\u00e1t prec\u00edzen v\u00e9gzi, valamint j\u00f3 probl\u00e9mamegold\u00f3 k\u00e9pess\u00e9ge van, nem akad fenn adott hib\u00e1n, k\u00e9pes megtal\u00e1lni a megold\u00e1st, vagy legal\u00e1bb elindul a vez\u00e9rhangy\u00e1ja.<\/p>\n<p>Amennyiben mag\u00e1ra ismer, \u00e9s szeretne csatlakozni kis csapatunkhoz, k\u00e9rj\u00fck szakmai \u00f6n\u00e9letrajz\u00e1t az <strong>allas[kukac]pcgyogyitas.hu<\/strong> e-mail c\u00edmre k\u00fcldje el. Minden esetben visszajelz\u00fcnk (ha nem is azonnal).<\/p>\n","protected":false},"excerpt":{"rendered":"<p>Megn\u00f6vekedett munk\u00e1nk megk\u00f6veteli \u00faj munkat\u00e1rs felv\u00e9tel\u00e9t, ez\u00e9rt az al\u00e1bbi tud\u00e1ssal rendelkez\u0151 koll\u00e9g\u00e1nk keress\u00fck: Notebook alaplapi diagnosztik\u00e1ban t\u00f6bb \u00e9ves tapasztalata van. Ez mag\u00e1ba foglalja, hogy az elektronikai \u00e1ramk\u00f6r\u00f6k hibakeres\u00e9s\u00e9ben-jav\u00edt\u00e1s\u00e1ban j\u00e1rtas, nem baj, ha van szakir\u00e1ny\u00fa v\u00e9gzetts\u00e9ge (de ha nincs, tapasztalattal \u00e9s tud\u00e1ssal p\u00f3tolhat\u00f3). Tudja haszn\u00e1lni a m\u0171szereket, nem n\u00e9zi \u00e9rtetlen\u00fcl a multim\u00e9tert, oszcilloszk\u00f3pot. SMD forraszt\u00e1si gyakorlattal [&hellip;]<\/p>\n","protected":false},"author":1,"featured_media":0,"parent":0,"menu_order":0,"comment_status":"open","ping_status":"open","template":"","meta":{"_monsterinsights_skip_tracking":false,"_monsterinsights_sitenote_active":false,"_monsterinsights_sitenote_note":"","_monsterinsights_sitenote_category":0,"ngg_post_thumbnail":0,"footnotes":""},"class_list":["post-12","page","type-page","status-publish","hentry"],"_links":{"self":[{"href":"https:\/\/pcgyogyitas.hu\/index.php?rest_route=\/wp\/v2\/pages\/12","targetHints":{"allow":["GET"]}}],"collection":[{"href":"https:\/\/pcgyogyitas.hu\/index.php?rest_route=\/wp\/v2\/pages"}],"about":[{"href":"https:\/\/pcgyogyitas.hu\/index.php?rest_route=\/wp\/v2\/types\/page"}],"author":[{"embeddable":true,"href":"https:\/\/pcgyogyitas.hu\/index.php?rest_route=\/wp\/v2\/users\/1"}],"replies":[{"embeddable":true,"href":"https:\/\/pcgyogyitas.hu\/index.php?rest_route=%2Fwp%2Fv2%2Fcomments&post=12"}],"version-history":[{"count":20,"href":"https:\/\/pcgyogyitas.hu\/index.php?rest_route=\/wp\/v2\/pages\/12\/revisions"}],"predecessor-version":[{"id":446,"href":"https:\/\/pcgyogyitas.hu\/index.php?rest_route=\/wp\/v2\/pages\/12\/revisions\/446"}],"wp:attachment":[{"href":"https:\/\/pcgyogyitas.hu\/index.php?rest_route=%2Fwp%2Fv2%2Fmedia&parent=12"}],"curies":[{"name":"wp","href":"https:\/\/api.w.org\/{rel}","templated":true}]}}