{"id":448,"date":"2015-05-28T09:46:40","date_gmt":"2015-05-28T07:46:40","guid":{"rendered":"http:\/\/www.pcgyogyitas.hu\/?page_id=448"},"modified":"2023-01-09T06:09:12","modified_gmt":"2023-01-09T05:09:12","slug":"fooldal","status":"publish","type":"page","link":"https:\/\/pcgyogyitas.hu\/","title":{"rendered":"F\u0151oldal"},"content":{"rendered":"<p>&nbsp;<\/p>\n<h2><span style=\"color: #ff0000;\">INGYENES PARKOL\u00c1S!<\/span><\/h2>\n<p>&nbsp;<\/p>\n<h2>M\u00c1RKAF\u00dcGGETLEN LAPTOP, TABLET SZERVIZ \u2013 LAPTOP ALAPLAP JAV\u00cdT\u00c1S<\/h2>\n<h2 style=\"text-align: center;\">&nbsp; &nbsp; &nbsp; <span style=\"color: #ff0000;\">Nincs b<strong>evizsg\u00e1l\u00e1si d\u00edj!<\/strong><\/span><\/h2>\n<h3 style=\"text-align: center;\">Rendk\u00edv\u00fcl&nbsp;<strong>gyors hat\u00e1rid\u0151vel dolgozunk<\/strong>!<\/h3>\n<ul>\n<li>Alaplapi forraszt\u00e1sok, BGA;<\/li>\n<li>Tablet jav\u00edt\u00e1s,<\/li>\n<li>&nbsp;Asztali pc, laptop, notebook, navig\u00e1ci\u00f3 \u00e9s perif\u00e9ria jav\u00edt\u00e1sa, \u00e9rt\u00e9kes\u00edt\u00e9se, telep\u00edt\u00e9se;<\/li>\n<li>Oper\u00e1ci\u00f3s rendszerek telep\u00edt\u00e9se;<\/li>\n<li>Szoftverek telep\u00edt\u00e9se, karbantart\u00e1sa;<\/li>\n<li>Hardveres hib\u00e1k jav\u00edt\u00e1sa, ig\u00e9ny eset\u00e9n cserealkatr\u00e9sz biztos\u00edt\u00e1sa;<\/li>\n<li>Sz\u00e1m\u00edt\u00f3g\u00e9pek b\u0151v\u00edt\u00e9se;<\/li>\n<li>Rendszergazda tev\u00e9kenys\u00e9g, rendszer-integr\u00e1ci\u00f3;<\/li>\n<li>&nbsp;H\u00e1l\u00f3zat \u00e9p\u00edt\u00e9s \u00e9s \u00fczemeltet\u00e9s;<\/li>\n<li>Internet \u00e9s router be\u00e1ll\u00edt\u00e1s;<\/li>\n<li>H\u00e1l\u00f3zati kapcsolatok be\u00e1ll\u00edt\u00e1sa, jav\u00edt\u00e1sa;<\/li>\n<li>V\u00edrusv\u00e9delem (a NOD32 v\u00edrusv\u00e9delmi szoftver viszontelad\u00f3i vagyunk);<\/li>\n<li>Adatment\u00e9s.<\/li>\n<\/ul>\n<hr>\n<h3 style=\"text-align: center;\"><em>Mi\u00e9rt \u00e9rdemes minket h\u00edvnia?<\/em><\/h3>\n<h4 style=\"text-align: center;\"><span style=\"color: #ff0000;\"><em><strong>Ha 3. munkanapon bel\u00fcl nem tudjuk jav\u00edtani k\u00e9sz\u00fcl\u00e9k\u00e9t, munkad\u00edjunk 0 Ft*. Rajtunk k\u00edv\u00fcl\u00e1ll\u00f3 okok eset\u00e9n &#8211; alkatr\u00e9sz rendel\u00e9se &#8211; ezen felt\u00e9telt nem tudjuk biztos\u00edtani.<\/strong><\/em><\/span><\/h4>\n<ul>\n<li style=\"list-style-type: none;\">\n<ul>\n<li>Mert telefonon is seg\u00edt\u00fcnk &#8211; <em><strong>norm\u00e1l d\u00edjas vezet\u00e9kes \u00e9s mobil sz\u00e1mokkal rendelkez\u00fcnk<\/strong>,<\/em><\/li>\n<li>Mert h\u00e1zhoz megy\u00fcnk &#8211; <em><strong>nincs kisz\u00e1ll\u00e1si d\u00edjunk<\/strong>,<\/em><\/li>\n<li>Mert t\u00e9nylegesen megjav\u00edtjuk sz\u00e1m\u00edt\u00f3g\u00e9p\u00e9t &#8211; <em><strong>minden esetben tesztelj\u00fck munk\u00e1nkat<\/strong>,<\/em><\/li>\n<li>Mert \u00d6n csak akkor fizet, ha sz\u00e1m\u00edt\u00f3g\u00e9pe m\u0171k\u00f6dik (kiv\u00e9tel hardverhib\u00e1k eset\u00e9n),<\/li>\n<li>Mert garanci\u00e1t v\u00e1llalunk a munk\u00e1nkra.<\/li>\n<li>Mert \u00e1raink kedvez\u0151ek, d\u00edjaink szabottak, rejtett k\u00f6lts\u00e9gek n\u00e9lk\u00fcl &#8211; <em><strong>hib\u00e1s k\u00e9sz\u00fcl\u00e9ke lead\u00e1sakor egy v\u00e1rhat\u00f3 k\u00f6lts\u00e9ghat\u00e1rt tudunk kalkul\u00e1lni \u00d6nnek<\/strong>,<\/em><\/li>\n<li>Mert k\u00e9r\u00e9s\u00e9re az \u00f6n otthon\u00e1ban v\u00e9gezz\u00fck sz\u00e1m\u00edt\u00f3g\u00e9pe jav\u00edt\u00e1s\u00e1t &#8211; <strong><em>ha a t\u00e1j\u00e9koztat\u00e1s alapj\u00e1n \u00fagy \u00edt\u00e9lj\u00fck meg, hogy nem ig\u00e9nyel szervizk\u00f6r\u00fclm\u00e9nyt.<\/em><\/strong><\/li>\n<\/ul>\n<\/li>\n<\/ul>\n<hr>\n<h3 style=\"text-align: center;\"><span style=\"color: #ff0000;\">Rendk\u00edv\u00fcl <strong>gyors hat\u00e1rid\u0151vel dolgozunk<\/strong>!<\/span><\/h3>\n<hr>\n<p>&nbsp;<\/p>\n","protected":false},"excerpt":{"rendered":"<p>&nbsp; INGYENES PARKOL\u00c1S! &nbsp; M\u00c1RKAF\u00dcGGETLEN LAPTOP, TABLET SZERVIZ \u2013 LAPTOP ALAPLAP JAV\u00cdT\u00c1S &nbsp; &nbsp; &nbsp; Nincs bevizsg\u00e1l\u00e1si d\u00edj! Rendk\u00edv\u00fcl&nbsp;gyors hat\u00e1rid\u0151vel dolgozunk! Alaplapi forraszt\u00e1sok, BGA; Tablet jav\u00edt\u00e1s, &nbsp;Asztali pc, laptop, notebook, navig\u00e1ci\u00f3 \u00e9s perif\u00e9ria jav\u00edt\u00e1sa, \u00e9rt\u00e9kes\u00edt\u00e9se, telep\u00edt\u00e9se; Oper\u00e1ci\u00f3s rendszerek telep\u00edt\u00e9se; Szoftverek telep\u00edt\u00e9se, karbantart\u00e1sa; Hardveres hib\u00e1k jav\u00edt\u00e1sa, ig\u00e9ny eset\u00e9n cserealkatr\u00e9sz biztos\u00edt\u00e1sa; Sz\u00e1m\u00edt\u00f3g\u00e9pek b\u0151v\u00edt\u00e9se; Rendszergazda tev\u00e9kenys\u00e9g, rendszer-integr\u00e1ci\u00f3; &nbsp;H\u00e1l\u00f3zat [&hellip;]<\/p>\n","protected":false},"author":1,"featured_media":0,"parent":0,"menu_order":1,"comment_status":"open","ping_status":"open","template":"","meta":{"_monsterinsights_skip_tracking":false,"_monsterinsights_sitenote_active":false,"_monsterinsights_sitenote_note":"","_monsterinsights_sitenote_category":0,"ngg_post_thumbnail":0,"footnotes":""},"class_list":["post-448","page","type-page","status-publish","hentry"],"_links":{"self":[{"href":"https:\/\/pcgyogyitas.hu\/index.php?rest_route=\/wp\/v2\/pages\/448","targetHints":{"allow":["GET"]}}],"collection":[{"href":"https:\/\/pcgyogyitas.hu\/index.php?rest_route=\/wp\/v2\/pages"}],"about":[{"href":"https:\/\/pcgyogyitas.hu\/index.php?rest_route=\/wp\/v2\/types\/page"}],"author":[{"embeddable":true,"href":"https:\/\/pcgyogyitas.hu\/index.php?rest_route=\/wp\/v2\/users\/1"}],"replies":[{"embeddable":true,"href":"https:\/\/pcgyogyitas.hu\/index.php?rest_route=%2Fwp%2Fv2%2Fcomments&post=448"}],"version-history":[{"count":56,"href":"https:\/\/pcgyogyitas.hu\/index.php?rest_route=\/wp\/v2\/pages\/448\/revisions"}],"predecessor-version":[{"id":888,"href":"https:\/\/pcgyogyitas.hu\/index.php?rest_route=\/wp\/v2\/pages\/448\/revisions\/888"}],"wp:attachment":[{"href":"https:\/\/pcgyogyitas.hu\/index.php?rest_route=%2Fwp%2Fv2%2Fmedia&parent=448"}],"curies":[{"name":"wp","href":"https:\/\/api.w.org\/{rel}","templated":true}]}}