{"id":9,"date":"2013-03-07T15:42:02","date_gmt":"2013-03-07T14:42:02","guid":{"rendered":"http:\/\/www.pcgyogyitas.hu\/?page_id=9"},"modified":"2019-05-06T15:55:41","modified_gmt":"2019-05-06T13:55:41","slug":"szervizbe-kuldes","status":"publish","type":"page","link":"https:\/\/pcgyogyitas.hu\/?page_id=9","title":{"rendered":"Szervizbe k\u00fcld\u00e9s"},"content":{"rendered":"<h3 style=\"text-align: center;\"><strong>Tisztelt \u00c9rdekl\u0151d\u0151!<\/strong><\/h3>\n<p>&nbsp;<\/p>\n<p style=\"text-align: justify;\">Notebook jav\u00edt\u00e1st alaplap szinten is v\u00e1llaljuk, azaz k\u00e9pesek vagyunk IC-t, integr\u00e1lt Videok\u00e1rtya chipet stb. cser\u00e9lni a notebook alaplapokon.<br \/>\nHa m\u00e1r felt\u00e1rt\u00e1k g\u00e9pe hib\u00e1j\u00e1t, de jav\u00edtani nem tudj\u00e1k esetleges eszk\u00f6zhi\u00e1ny miatt, sz\u00edvesen \u00e1llunk rendelkez\u00e9s\u00fckre.<\/p>\n<p><span style=\"color: #ff0000;\"><a style=\"color: #ff0000;\" href=\"http:\/\/www.pcgyogyitas.hu\/ost\">Online \u00fcgyf\u00e9lszolg\u00e1latunkon<\/a> <\/span>kereszt\u00fcl valamint telefonon, e-mailben veheti fel a kapcsolatot vel\u00fcnk, fut\u00e1rszolg\u00e1lattal tudja elk\u00fcldeni R\u00e9sz\u00fcnkre g\u00e9p\u00e9t. A bevizsg\u00e1l\u00e1st k\u00f6vet\u0151en a hiba le\u00edr\u00e1s\u00e1val \u00e9s a jav\u00edt\u00e1s k\u00f6lts\u00e9geivel (\u00e1raj\u00e1nlat) keress\u00fck meg \u00d6nt, melynek elfogad\u00e1sa ut\u00e1n megkezdj\u00fck a notebook jav\u00edt\u00e1s\u00e1t.<\/p>\n<p>Saj\u00e1t felhaszn\u00e1l\u00f3i n\u00e9vvel \u00e9s jelsz\u00f3val ellen\u0151rizheti eszk\u00f6ze k\u00e9sz\u00fclts\u00e9gi fok\u00e1t webes fel\u00fclet\u00fcnk\u00f6n, valamint e-mailben t\u00e1j\u00e9koztatjuk is.<\/p>\n<p>A jav\u00edt\u00e1s elk\u00e9sz\u00fclt\u00e9r\u0151l a tesztek befejezt\u00e9vel ism\u00e9t t\u00e1j\u00e9koztatjuk, ekkor ki\u00e1ll\u00edtjuk \u00e9s e-mailben megk\u00fcldj\u00fck az el\u0151leg sz\u00e1ml\u00e1nkat, melynek kiegyenl\u00edt\u00e9se ut\u00e1n, a d\u00edj banksz\u00e1mlasz\u00e1munkra val\u00f3 be\u00e9rkezt\u00e9t k\u00f6vet\u0151en csomagoljuk g\u00e9p\u00e9t \u00e9s visszak\u00fcldj\u00fck az \u00d6n r\u00e9sz\u00e9re, mell\u00e9kelve a munk\u00e1nk elv\u00e9gz\u00e9s\u00e9r\u0151l sz\u00f3l\u00f3 sz\u00e1ml\u00e1t \u00e9s j\u00f3t\u00e1ll\u00e1sunkat.<\/p>\n<p>&nbsp;<\/p>\n<p><a href=\"http:\/\/pcgyogyitas.hu\/ost\"><img decoding=\"async\" class=\" aligncenter\" src=\"http:\/\/pcgyogyitas.hu\/kuld.png\" alt=\"K\u00dcLD\u00c9S\"><\/a><\/p>\n","protected":false},"excerpt":{"rendered":"<p>Tisztelt \u00c9rdekl\u0151d\u0151! &nbsp; Notebook jav\u00edt\u00e1st alaplap szinten is v\u00e1llaljuk, azaz k\u00e9pesek vagyunk IC-t, integr\u00e1lt Videok\u00e1rtya chipet stb. cser\u00e9lni a notebook alaplapokon. Ha m\u00e1r felt\u00e1rt\u00e1k g\u00e9pe hib\u00e1j\u00e1t, de jav\u00edtani nem tudj\u00e1k esetleges eszk\u00f6zhi\u00e1ny miatt, sz\u00edvesen \u00e1llunk rendelkez\u00e9s\u00fckre. Online \u00fcgyf\u00e9lszolg\u00e1latunkon kereszt\u00fcl valamint telefonon, e-mailben veheti fel a kapcsolatot vel\u00fcnk, fut\u00e1rszolg\u00e1lattal tudja elk\u00fcldeni R\u00e9sz\u00fcnkre g\u00e9p\u00e9t. A bevizsg\u00e1l\u00e1st k\u00f6vet\u0151en [&hellip;]<\/p>\n","protected":false},"author":1,"featured_media":0,"parent":0,"menu_order":0,"comment_status":"open","ping_status":"open","template":"","meta":{"_monsterinsights_skip_tracking":false,"_monsterinsights_sitenote_active":false,"_monsterinsights_sitenote_note":"","_monsterinsights_sitenote_category":0,"ngg_post_thumbnail":0,"footnotes":""},"class_list":["post-9","page","type-page","status-publish","hentry"],"_links":{"self":[{"href":"https:\/\/pcgyogyitas.hu\/index.php?rest_route=\/wp\/v2\/pages\/9","targetHints":{"allow":["GET"]}}],"collection":[{"href":"https:\/\/pcgyogyitas.hu\/index.php?rest_route=\/wp\/v2\/pages"}],"about":[{"href":"https:\/\/pcgyogyitas.hu\/index.php?rest_route=\/wp\/v2\/types\/page"}],"author":[{"embeddable":true,"href":"https:\/\/pcgyogyitas.hu\/index.php?rest_route=\/wp\/v2\/users\/1"}],"replies":[{"embeddable":true,"href":"https:\/\/pcgyogyitas.hu\/index.php?rest_route=%2Fwp%2Fv2%2Fcomments&post=9"}],"version-history":[{"count":40,"href":"https:\/\/pcgyogyitas.hu\/index.php?rest_route=\/wp\/v2\/pages\/9\/revisions"}],"predecessor-version":[{"id":707,"href":"https:\/\/pcgyogyitas.hu\/index.php?rest_route=\/wp\/v2\/pages\/9\/revisions\/707"}],"wp:attachment":[{"href":"https:\/\/pcgyogyitas.hu\/index.php?rest_route=%2Fwp%2Fv2%2Fmedia&parent=9"}],"curies":[{"name":"wp","href":"https:\/\/api.w.org\/{rel}","templated":true}]}}